{"id":1033,"date":"2025-11-12T12:39:31","date_gmt":"2025-11-12T12:39:31","guid":{"rendered":"https:\/\/www.gunnurca.com\/?post_type=product&#038;p=1033"},"modified":"2026-04-28T14:10:47","modified_gmt":"2026-04-28T14:10:47","slug":"ipekevi-yeni-sezon-sal","status":"publish","type":"product","link":"http:\/\/www.gunnurca.com\/index.php\/urun\/ipekevi-yeni-sezon-sal\/","title":{"rendered":"\u0130PEKEV\u0130 YEN\u0130 SEZON \u015eAL"},"content":{"rendered":"<p>\u0130pekevi YEN\u0130 SEZON %30 modal %33 ipek %37 pamuk \u015fal. \u00c7ift tarafl\u0131 kullan\u0131ma uygundur. Her mevsim kullan\u0131m.14 renk se\u00e7ene\u011fi mevcuttur. Begonvil rengi.<\/p>\n","protected":false},"excerpt":{"rendered":"<p>\u0130pekevi YEN\u0130 SEZON %30 modal %33 ipek %37 pamuk \u015fal. \u00c7ift tarafl\u0131 kullan\u0131ma uygundur. Her mevsim kullan\u0131m.14 renk se\u00e7ene\u011fi mevcuttur. Begonvil rengi.<\/p>\n","protected":false},"featured_media":1009,"comment_status":"open","ping_status":"closed","template":"","meta":[],"product_brand":[38],"product_cat":[28,42],"product_tag":[],"class_list":{"0":"post-1033","1":"product","2":"type-product","3":"status-publish","4":"has-post-thumbnail","6":"product_brand-ipekevi","7":"product_cat-sal","8":"product_cat-yeni-sezon","10":"first","11":"outofstock","12":"taxable","13":"shipping-taxable","14":"purchasable","15":"product-type-simple"},"_links":{"self":[{"href":"http:\/\/www.gunnurca.com\/index.php\/wp-json\/wp\/v2\/product\/1033","targetHints":{"allow":["GET"]}}],"collection":[{"href":"http:\/\/www.gunnurca.com\/index.php\/wp-json\/wp\/v2\/product"}],"about":[{"href":"http:\/\/www.gunnurca.com\/index.php\/wp-json\/wp\/v2\/types\/product"}],"replies":[{"embeddable":true,"href":"http:\/\/www.gunnurca.com\/index.php\/wp-json\/wp\/v2\/comments?post=1033"}],"wp:featuredmedia":[{"embeddable":true,"href":"http:\/\/www.gunnurca.com\/index.php\/wp-json\/wp\/v2\/media\/1009"}],"wp:attachment":[{"href":"http:\/\/www.gunnurca.com\/index.php\/wp-json\/wp\/v2\/media?parent=1033"}],"wp:term":[{"taxonomy":"product_brand","embeddable":true,"href":"http:\/\/www.gunnurca.com\/index.php\/wp-json\/wp\/v2\/product_brand?post=1033"},{"taxonomy":"product_cat","embeddable":true,"href":"http:\/\/www.gunnurca.com\/index.php\/wp-json\/wp\/v2\/product_cat?post=1033"},{"taxonomy":"product_tag","embeddable":true,"href":"http:\/\/www.gunnurca.com\/index.php\/wp-json\/wp\/v2\/product_tag?post=1033"}],"curies":[{"name":"wp","href":"https:\/\/api.w.org\/{rel}","templated":true}]}}