{"id":1131,"date":"2026-01-01T10:11:06","date_gmt":"2026-01-01T10:11:06","guid":{"rendered":"https:\/\/www.gunnurca.com\/?post_type=product&#038;p=1131"},"modified":"2026-01-27T09:49:15","modified_gmt":"2026-01-27T09:49:15","slug":"ipekevi-4-mevsim-sal-2","status":"publish","type":"product","link":"http:\/\/www.gunnurca.com\/index.php\/urun\/ipekevi-4-mevsim-sal-2\/","title":{"rendered":"\u0130PEKEV\u0130 4 MEVS\u0130M \u015eAL"},"content":{"rendered":"<p>\u00dcR\u00dcN \u0130\u00c7ER\u0130\u011e\u0130 %5 \u0130PEK %30 MODAL %65 V\u0130SCOSE<\/p>\n<p>\u0130stedi\u011finiz rengi sat\u0131n almadan \u00f6nce DM \u00fczerinden bize sorabilirsiniz.<\/p>\n","protected":false},"excerpt":{"rendered":"<p>\u00dcR\u00dcN \u0130\u00c7ER\u0130\u011e\u0130 %5 \u0130PEK %30 MODAL %65 V\u0130SCOSE \u0130stedi\u011finiz rengi sat\u0131n almadan \u00f6nce DM \u00fczerinden bize sorabilirsiniz.<\/p>\n","protected":false},"featured_media":1128,"comment_status":"open","ping_status":"closed","template":"","meta":[],"product_brand":[],"product_cat":[15],"product_tag":[],"class_list":{"0":"post-1131","1":"product","2":"type-product","3":"status-publish","4":"has-post-thumbnail","6":"product_cat-genel","8":"first","9":"instock","10":"taxable","11":"shipping-taxable","12":"purchasable","13":"product-type-simple"},"_links":{"self":[{"href":"http:\/\/www.gunnurca.com\/index.php\/wp-json\/wp\/v2\/product\/1131","targetHints":{"allow":["GET"]}}],"collection":[{"href":"http:\/\/www.gunnurca.com\/index.php\/wp-json\/wp\/v2\/product"}],"about":[{"href":"http:\/\/www.gunnurca.com\/index.php\/wp-json\/wp\/v2\/types\/product"}],"replies":[{"embeddable":true,"href":"http:\/\/www.gunnurca.com\/index.php\/wp-json\/wp\/v2\/comments?post=1131"}],"wp:featuredmedia":[{"embeddable":true,"href":"http:\/\/www.gunnurca.com\/index.php\/wp-json\/wp\/v2\/media\/1128"}],"wp:attachment":[{"href":"http:\/\/www.gunnurca.com\/index.php\/wp-json\/wp\/v2\/media?parent=1131"}],"wp:term":[{"taxonomy":"product_brand","embeddable":true,"href":"http:\/\/www.gunnurca.com\/index.php\/wp-json\/wp\/v2\/product_brand?post=1131"},{"taxonomy":"product_cat","embeddable":true,"href":"http:\/\/www.gunnurca.com\/index.php\/wp-json\/wp\/v2\/product_cat?post=1131"},{"taxonomy":"product_tag","embeddable":true,"href":"http:\/\/www.gunnurca.com\/index.php\/wp-json\/wp\/v2\/product_tag?post=1131"}],"curies":[{"name":"wp","href":"https:\/\/api.w.org\/{rel}","templated":true}]}}