{"id":1195,"date":"2026-03-05T11:30:13","date_gmt":"2026-03-05T11:30:13","guid":{"rendered":"https:\/\/www.gunnurca.com\/?post_type=product&#038;p=1195"},"modified":"2026-03-05T11:30:13","modified_gmt":"2026-03-05T11:30:13","slug":"ipekevi-6","status":"publish","type":"product","link":"http:\/\/www.gunnurca.com\/index.php\/urun\/ipekevi-6\/","title":{"rendered":"\u0130PEKEV\u0130"},"content":{"rendered":"<p>\u0130PEKEV\u0130 %100 T\u0130V\u0130L \u0130PEK E\u015eARP<\/p>\n","protected":false},"excerpt":{"rendered":"<p>\u0130PEKEV\u0130 %100 T\u0130V\u0130L \u0130PEK E\u015eARP<\/p>\n","protected":false},"featured_media":1197,"comment_status":"open","ping_status":"closed","template":"","meta":[],"product_brand":[38],"product_cat":[34],"product_tag":[],"class_list":{"0":"post-1195","1":"product","2":"type-product","3":"status-publish","4":"has-post-thumbnail","6":"product_brand-ipekevi","7":"product_cat-esarp","9":"first","10":"instock","11":"taxable","12":"shipping-taxable","13":"purchasable","14":"product-type-simple"},"_links":{"self":[{"href":"http:\/\/www.gunnurca.com\/index.php\/wp-json\/wp\/v2\/product\/1195","targetHints":{"allow":["GET"]}}],"collection":[{"href":"http:\/\/www.gunnurca.com\/index.php\/wp-json\/wp\/v2\/product"}],"about":[{"href":"http:\/\/www.gunnurca.com\/index.php\/wp-json\/wp\/v2\/types\/product"}],"replies":[{"embeddable":true,"href":"http:\/\/www.gunnurca.com\/index.php\/wp-json\/wp\/v2\/comments?post=1195"}],"wp:featuredmedia":[{"embeddable":true,"href":"http:\/\/www.gunnurca.com\/index.php\/wp-json\/wp\/v2\/media\/1197"}],"wp:attachment":[{"href":"http:\/\/www.gunnurca.com\/index.php\/wp-json\/wp\/v2\/media?parent=1195"}],"wp:term":[{"taxonomy":"product_brand","embeddable":true,"href":"http:\/\/www.gunnurca.com\/index.php\/wp-json\/wp\/v2\/product_brand?post=1195"},{"taxonomy":"product_cat","embeddable":true,"href":"http:\/\/www.gunnurca.com\/index.php\/wp-json\/wp\/v2\/product_cat?post=1195"},{"taxonomy":"product_tag","embeddable":true,"href":"http:\/\/www.gunnurca.com\/index.php\/wp-json\/wp\/v2\/product_tag?post=1195"}],"curies":[{"name":"wp","href":"https:\/\/api.w.org\/{rel}","templated":true}]}}