{"id":768,"date":"2025-10-06T09:46:57","date_gmt":"2025-10-06T09:46:57","guid":{"rendered":"https:\/\/www.gunnurca.com\/?post_type=product&#038;p=768"},"modified":"2025-12-24T10:39:50","modified_gmt":"2025-12-24T10:39:50","slug":"ipek-esarp-3","status":"publish","type":"product","link":"http:\/\/www.gunnurca.com\/index.php\/urun\/ipek-esarp-3\/","title":{"rendered":"\u0130PEK E\u015eARP"},"content":{"rendered":"<p>BELL\u0130 MARKA<\/p>\n<p>%100 \u0130PEK E\u015eARP<\/p>\n<p>90 X 90\u00a0 EBATLARINDADIR&#8230;<\/p>\n","protected":false},"excerpt":{"rendered":"<p>BELL\u0130 MARKA %100 \u0130PEK E\u015eARP 90 X 90\u00a0 EBATLARINDADIR&#8230;<\/p>\n","protected":false},"featured_media":769,"comment_status":"open","ping_status":"closed","template":"","meta":[],"product_brand":[],"product_cat":[34],"product_tag":[],"class_list":{"0":"post-768","1":"product","2":"type-product","3":"status-publish","4":"has-post-thumbnail","6":"product_cat-esarp","8":"first","9":"outofstock","10":"taxable","11":"shipping-taxable","12":"purchasable","13":"product-type-simple"},"_links":{"self":[{"href":"http:\/\/www.gunnurca.com\/index.php\/wp-json\/wp\/v2\/product\/768","targetHints":{"allow":["GET"]}}],"collection":[{"href":"http:\/\/www.gunnurca.com\/index.php\/wp-json\/wp\/v2\/product"}],"about":[{"href":"http:\/\/www.gunnurca.com\/index.php\/wp-json\/wp\/v2\/types\/product"}],"replies":[{"embeddable":true,"href":"http:\/\/www.gunnurca.com\/index.php\/wp-json\/wp\/v2\/comments?post=768"}],"wp:featuredmedia":[{"embeddable":true,"href":"http:\/\/www.gunnurca.com\/index.php\/wp-json\/wp\/v2\/media\/769"}],"wp:attachment":[{"href":"http:\/\/www.gunnurca.com\/index.php\/wp-json\/wp\/v2\/media?parent=768"}],"wp:term":[{"taxonomy":"product_brand","embeddable":true,"href":"http:\/\/www.gunnurca.com\/index.php\/wp-json\/wp\/v2\/product_brand?post=768"},{"taxonomy":"product_cat","embeddable":true,"href":"http:\/\/www.gunnurca.com\/index.php\/wp-json\/wp\/v2\/product_cat?post=768"},{"taxonomy":"product_tag","embeddable":true,"href":"http:\/\/www.gunnurca.com\/index.php\/wp-json\/wp\/v2\/product_tag?post=768"}],"curies":[{"name":"wp","href":"https:\/\/api.w.org\/{rel}","templated":true}]}}