{"id":945,"date":"2025-11-12T09:12:54","date_gmt":"2025-11-12T09:12:54","guid":{"rendered":"https:\/\/www.gunnurca.com\/?post_type=product&#038;p=945"},"modified":"2026-04-28T14:04:06","modified_gmt":"2026-04-28T14:04:06","slug":"levidor-canta-22","status":"publish","type":"product","link":"http:\/\/www.gunnurca.com\/index.php\/urun\/levidor-canta-22\/","title":{"rendered":"LEV\u0130DOR \u00c7ANTA"},"content":{"rendered":"<p>LEV\u0130DOR DER\u0130 \u00c7ANTA<\/p>\n","protected":false},"excerpt":{"rendered":"<p>LEV\u0130DOR DER\u0130 \u00c7ANTA<\/p>\n","protected":false},"featured_media":930,"comment_status":"open","ping_status":"closed","template":"","meta":[],"product_brand":[40],"product_cat":[27,15],"product_tag":[],"class_list":{"0":"post-945","1":"product","2":"type-product","3":"status-publish","4":"has-post-thumbnail","6":"product_brand-levidor","7":"product_cat-clothing","8":"product_cat-genel","10":"first","11":"outofstock","12":"taxable","13":"shipping-taxable","14":"purchasable","15":"product-type-simple"},"_links":{"self":[{"href":"http:\/\/www.gunnurca.com\/index.php\/wp-json\/wp\/v2\/product\/945","targetHints":{"allow":["GET"]}}],"collection":[{"href":"http:\/\/www.gunnurca.com\/index.php\/wp-json\/wp\/v2\/product"}],"about":[{"href":"http:\/\/www.gunnurca.com\/index.php\/wp-json\/wp\/v2\/types\/product"}],"replies":[{"embeddable":true,"href":"http:\/\/www.gunnurca.com\/index.php\/wp-json\/wp\/v2\/comments?post=945"}],"wp:featuredmedia":[{"embeddable":true,"href":"http:\/\/www.gunnurca.com\/index.php\/wp-json\/wp\/v2\/media\/930"}],"wp:attachment":[{"href":"http:\/\/www.gunnurca.com\/index.php\/wp-json\/wp\/v2\/media?parent=945"}],"wp:term":[{"taxonomy":"product_brand","embeddable":true,"href":"http:\/\/www.gunnurca.com\/index.php\/wp-json\/wp\/v2\/product_brand?post=945"},{"taxonomy":"product_cat","embeddable":true,"href":"http:\/\/www.gunnurca.com\/index.php\/wp-json\/wp\/v2\/product_cat?post=945"},{"taxonomy":"product_tag","embeddable":true,"href":"http:\/\/www.gunnurca.com\/index.php\/wp-json\/wp\/v2\/product_tag?post=945"}],"curies":[{"name":"wp","href":"https:\/\/api.w.org\/{rel}","templated":true}]}}