{"id":1175,"date":"2026-03-05T10:54:52","date_gmt":"2026-03-05T10:54:52","guid":{"rendered":"https:\/\/www.gunnurca.com\/?post_type=product&#038;p=1175"},"modified":"2026-03-05T10:54:52","modified_gmt":"2026-03-05T10:54:52","slug":"ipekevi","status":"publish","type":"product","link":"https:\/\/www.gunnurca.com\/index.php\/urun\/ipekevi\/","title":{"rendered":"\u0130PEKEV\u0130"},"content":{"rendered":"<p>\u0130PEKEV\u0130 %100 T\u0130V\u0130L \u0130PEK E\u015eARP<\/p>\n","protected":false},"excerpt":{"rendered":"<p>\u0130PEKEV\u0130 %100 T\u0130V\u0130L \u0130PEK E\u015eARP<\/p>\n","protected":false},"featured_media":1176,"comment_status":"open","ping_status":"closed","template":"","meta":[],"product_brand":[38],"product_cat":[34],"product_tag":[],"class_list":{"0":"post-1175","1":"product","2":"type-product","3":"status-publish","4":"has-post-thumbnail","6":"product_brand-ipekevi","7":"product_cat-esarp","9":"first","10":"instock","11":"taxable","12":"shipping-taxable","13":"purchasable","14":"product-type-simple"},"_links":{"self":[{"href":"https:\/\/www.gunnurca.com\/index.php\/wp-json\/wp\/v2\/product\/1175","targetHints":{"allow":["GET"]}}],"collection":[{"href":"https:\/\/www.gunnurca.com\/index.php\/wp-json\/wp\/v2\/product"}],"about":[{"href":"https:\/\/www.gunnurca.com\/index.php\/wp-json\/wp\/v2\/types\/product"}],"replies":[{"embeddable":true,"href":"https:\/\/www.gunnurca.com\/index.php\/wp-json\/wp\/v2\/comments?post=1175"}],"wp:featuredmedia":[{"embeddable":true,"href":"https:\/\/www.gunnurca.com\/index.php\/wp-json\/wp\/v2\/media\/1176"}],"wp:attachment":[{"href":"https:\/\/www.gunnurca.com\/index.php\/wp-json\/wp\/v2\/media?parent=1175"}],"wp:term":[{"taxonomy":"product_brand","embeddable":true,"href":"https:\/\/www.gunnurca.com\/index.php\/wp-json\/wp\/v2\/product_brand?post=1175"},{"taxonomy":"product_cat","embeddable":true,"href":"https:\/\/www.gunnurca.com\/index.php\/wp-json\/wp\/v2\/product_cat?post=1175"},{"taxonomy":"product_tag","embeddable":true,"href":"https:\/\/www.gunnurca.com\/index.php\/wp-json\/wp\/v2\/product_tag?post=1175"}],"curies":[{"name":"wp","href":"https:\/\/api.w.org\/{rel}","templated":true}]}}