{"id":1354,"date":"2026-03-09T09:52:34","date_gmt":"2026-03-09T09:52:34","guid":{"rendered":"https:\/\/www.gunnurca.com\/?post_type=product&#038;p=1354"},"modified":"2026-03-10T13:05:31","modified_gmt":"2026-03-10T13:05:31","slug":"ipekevi-60","status":"publish","type":"product","link":"https:\/\/www.gunnurca.com\/index.php\/urun\/ipekevi-60\/","title":{"rendered":"\u0130PEKEV\u0130"},"content":{"rendered":"<p>\u0130PEKEV\u0130 TENSOFT YEN\u0130 SEZON\u00a0 \u015eAL<\/p>\n","protected":false},"excerpt":{"rendered":"<p>\u0130PEKEV\u0130 TENSOFT YEN\u0130 SEZON\u00a0 \u015eAL<\/p>\n","protected":false},"featured_media":1313,"comment_status":"open","ping_status":"closed","template":"","meta":[],"product_brand":[38],"product_cat":[28,68],"product_tag":[],"class_list":{"0":"post-1354","1":"product","2":"type-product","3":"status-publish","4":"has-post-thumbnail","6":"product_brand-ipekevi","7":"product_cat-sal","8":"product_cat-tensoft-sal","10":"first","11":"instock","12":"taxable","13":"shipping-taxable","14":"purchasable","15":"product-type-simple"},"_links":{"self":[{"href":"https:\/\/www.gunnurca.com\/index.php\/wp-json\/wp\/v2\/product\/1354","targetHints":{"allow":["GET"]}}],"collection":[{"href":"https:\/\/www.gunnurca.com\/index.php\/wp-json\/wp\/v2\/product"}],"about":[{"href":"https:\/\/www.gunnurca.com\/index.php\/wp-json\/wp\/v2\/types\/product"}],"replies":[{"embeddable":true,"href":"https:\/\/www.gunnurca.com\/index.php\/wp-json\/wp\/v2\/comments?post=1354"}],"wp:featuredmedia":[{"embeddable":true,"href":"https:\/\/www.gunnurca.com\/index.php\/wp-json\/wp\/v2\/media\/1313"}],"wp:attachment":[{"href":"https:\/\/www.gunnurca.com\/index.php\/wp-json\/wp\/v2\/media?parent=1354"}],"wp:term":[{"taxonomy":"product_brand","embeddable":true,"href":"https:\/\/www.gunnurca.com\/index.php\/wp-json\/wp\/v2\/product_brand?post=1354"},{"taxonomy":"product_cat","embeddable":true,"href":"https:\/\/www.gunnurca.com\/index.php\/wp-json\/wp\/v2\/product_cat?post=1354"},{"taxonomy":"product_tag","embeddable":true,"href":"https:\/\/www.gunnurca.com\/index.php\/wp-json\/wp\/v2\/product_tag?post=1354"}],"curies":[{"name":"wp","href":"https:\/\/api.w.org\/{rel}","templated":true}]}}