{"id":577,"date":"2025-08-24T19:40:54","date_gmt":"2025-08-24T19:40:54","guid":{"rendered":"https:\/\/www.gunnurca.com\/?post_type=product&#038;p=577"},"modified":"2026-01-27T10:24:24","modified_gmt":"2026-01-27T10:24:24","slug":"esarp-2","status":"publish","type":"product","link":"https:\/\/www.gunnurca.com\/index.php\/urun\/esarp-2\/","title":{"rendered":"E\u015eARP"},"content":{"rendered":"<ul id=\"tabPanel\" class=\"box col-12 fade\">\n<li class=\"fl ozellik current\">\n<div class=\"row\">\n<div id=\"productDetailTab\" class=\"col col-12 mb\">\n<div class=\"row mb\">\n<p data-start=\"347\" data-end=\"630\">H5555SSSS8XDDSASSS8<\/p>\n<ul id=\"tabPanel\" class=\"box col-12 fade\">\n<li class=\"fl ozellik current\">\n<div class=\"row\">\n<div id=\"productDetailTab\" class=\"col col-12 mb\">\n<div class=\"row mb\">\n<p data-start=\"347\" data-end=\"630\">DHer mevsim kullan\u0131labilecek hafifli\u011fi ve konforu ile g\u00fcn boyu rahat hissetmenizi sa\u011flarken, stilinize yumu\u015fak ama etkileyici bir dokunu\u015f kat\u0131yor.<\/p>\n<p data-start=\"347\" data-end=\"630\">Her ba\u011flamada \u015f\u0131kl\u0131k, her ad\u0131mda zarafet.<\/p>\n<p data-start=\"347\" data-end=\"630\">%76 Tensel<br \/>\n%24 Polyamid<br \/>\n70&#215;200 cmSSS<\/p>\n<\/div>\n<\/div>\n<\/div>\n<\/li>\n<\/ul>\n<p data-start=\"347\" data-end=\"630\">545FK55\u00a0 SDer me<\/p>\n<ul id=\"tabPanel\" class=\"box col-12 fade\">\n<li class=\"fl ozellik current\">\n<div class=\"row\">\n<div id=\"productDetailTab\" class=\"col col-12 mb\">\n<div class=\"row mb\">\n<p data-start=\"347\" data-end=\"630\">FFFFF<\/p>\n<p data-start=\"347\" data-end=\"630\">Her ba\u011flamada \u015f\u0131kl\u0131k, her ad\u0131mda zarafet.<\/p>\n<p data-start=\"347\" data-end=\"630\">%76 Tensel<br \/>\n%24 Polyamid<br \/>\n70&#215;200 cm<\/p>\n<\/div>\n<\/div>\n<\/div>\n<\/li>\n<\/ul>\n<p data-start=\"347\" data-end=\"630\">vsim kullan\u0131labilecek hafifli\u011fi ve konforu ile g\u00fcn boyu rahat hissetmenizi sa\u011flarken, stilinize yumu\u015fak ama etkileyici bir dokunu\u015f kat\u0131yor.<\/p>\n<p data-start=\"347\" data-end=\"630\">Her ba\u011flamada \u015f\u0131kl\u0131k, her ad\u0131mda zarafet.<\/p>\n<p data-start=\"347\" data-end=\"630\">%76 Tensel<br \/>\n%24 Polyamid<br \/>\n70&#215;200 cm<\/p>\n<\/div>\n<\/div>\n<\/div>\n<\/li>\n<\/ul>\n","protected":false},"excerpt":{"rendered":"<ul id=\"tabPanel\" class=\"box col-12 fade\">\n<li class=\"fl ozellik current\">\n<div class=\"row\">\n<div id=\"productDetailTab\" class=\"col col-12 mb\">\n<div class=\"row mb\">\n<ul id=\"tabPanel\" class=\"box col-12 fade\">\n<li class=\"fl ozellik current\">\n<div class=\"row\">\n<div id=\"productDetailTab\" class=\"col col-12 mb\">\n<div class=\"row mb\">\n<p data-start=\"347\" data-end=\"630\">Her mevsim kullan\u0131labilecek hafifli\u011fi ve konforu ile g\u00fcn boyu rahat hissetmenizi sa\u011flarken, stilinize yumu\u015fak ama etkileyici bir dokunu\u015f kat\u0131yor.DSDWSAAAAAX<\/p>\n<p data-start=\"347\" data-end=\"630\">Her ba\u011flamada \u015f\u0131kl\u0131k, her ad\u0131mda zarafet.<\/p>\n<h1 data-start=\"347\" data-end=\"630\">%76 Tensel<br \/>\n%24 Polyamid<br \/>\n70&#215;200 cm<\/h1>\n<\/div>\n<\/div>\n<\/div>\n<\/li>\n<\/ul>\n<p data-start=\"347\" data-end=\"630\">Her ba\u011flamada \u015f\u0131kl\u0131k, her ad\u0131mda zarafet.<\/p>\n<p data-start=\"347\" data-end=\"630\">%76 Tensel<br \/>\n%24 Polyamid<br \/>\n70&#215;200 cm<\/p>\n<\/div>\n<\/div>\n<\/div>\n<\/li>\n<\/ul>\n","protected":false},"featured_media":579,"comment_status":"open","ping_status":"closed","template":"","meta":[],"product_brand":[],"product_cat":[34],"product_tag":[],"class_list":{"0":"post-577","1":"product","2":"type-product","3":"status-publish","4":"has-post-thumbnail","6":"product_cat-esarp","8":"first","9":"instock","10":"taxable","11":"shipping-taxable","12":"purchasable","13":"product-type-simple"},"_links":{"self":[{"href":"https:\/\/www.gunnurca.com\/index.php\/wp-json\/wp\/v2\/product\/577","targetHints":{"allow":["GET"]}}],"collection":[{"href":"https:\/\/www.gunnurca.com\/index.php\/wp-json\/wp\/v2\/product"}],"about":[{"href":"https:\/\/www.gunnurca.com\/index.php\/wp-json\/wp\/v2\/types\/product"}],"replies":[{"embeddable":true,"href":"https:\/\/www.gunnurca.com\/index.php\/wp-json\/wp\/v2\/comments?post=577"}],"wp:featuredmedia":[{"embeddable":true,"href":"https:\/\/www.gunnurca.com\/index.php\/wp-json\/wp\/v2\/media\/579"}],"wp:attachment":[{"href":"https:\/\/www.gunnurca.com\/index.php\/wp-json\/wp\/v2\/media?parent=577"}],"wp:term":[{"taxonomy":"product_brand","embeddable":true,"href":"https:\/\/www.gunnurca.com\/index.php\/wp-json\/wp\/v2\/product_brand?post=577"},{"taxonomy":"product_cat","embeddable":true,"href":"https:\/\/www.gunnurca.com\/index.php\/wp-json\/wp\/v2\/product_cat?post=577"},{"taxonomy":"product_tag","embeddable":true,"href":"https:\/\/www.gunnurca.com\/index.php\/wp-json\/wp\/v2\/product_tag?post=577"}],"curies":[{"name":"wp","href":"https:\/\/api.w.org\/{rel}","templated":true}]}}