{"id":897,"date":"2025-11-08T10:47:09","date_gmt":"2025-11-08T10:47:09","guid":{"rendered":"https:\/\/www.gunnurca.com\/?post_type=product&#038;p=897"},"modified":"2026-03-10T09:00:45","modified_gmt":"2026-03-10T09:00:45","slug":"majensia-canta","status":"publish","type":"product","link":"https:\/\/www.gunnurca.com\/index.php\/urun\/majensia-canta\/","title":{"rendered":"MAJENS\u0130A \u00c7ANTA"},"content":{"rendered":"<p>MAJENS\u0130A S\u00dcET \u00c7ANTA-S\u0130YAH<\/p>\n","protected":false},"excerpt":{"rendered":"<p>MAJENS\u0130A S\u00dcET \u00c7ANTA-S\u0130YAH<\/p>\n","protected":false},"featured_media":844,"comment_status":"open","ping_status":"closed","template":"","meta":[],"product_brand":[37],"product_cat":[27,15],"product_tag":[],"class_list":{"0":"post-897","1":"product","2":"type-product","3":"status-publish","4":"has-post-thumbnail","6":"product_brand-majensia","7":"product_cat-clothing","8":"product_cat-genel","10":"first","11":"outofstock","12":"sale","13":"taxable","14":"shipping-taxable","15":"purchasable","16":"product-type-simple"},"_links":{"self":[{"href":"https:\/\/www.gunnurca.com\/index.php\/wp-json\/wp\/v2\/product\/897","targetHints":{"allow":["GET"]}}],"collection":[{"href":"https:\/\/www.gunnurca.com\/index.php\/wp-json\/wp\/v2\/product"}],"about":[{"href":"https:\/\/www.gunnurca.com\/index.php\/wp-json\/wp\/v2\/types\/product"}],"replies":[{"embeddable":true,"href":"https:\/\/www.gunnurca.com\/index.php\/wp-json\/wp\/v2\/comments?post=897"}],"wp:featuredmedia":[{"embeddable":true,"href":"https:\/\/www.gunnurca.com\/index.php\/wp-json\/wp\/v2\/media\/844"}],"wp:attachment":[{"href":"https:\/\/www.gunnurca.com\/index.php\/wp-json\/wp\/v2\/media?parent=897"}],"wp:term":[{"taxonomy":"product_brand","embeddable":true,"href":"https:\/\/www.gunnurca.com\/index.php\/wp-json\/wp\/v2\/product_brand?post=897"},{"taxonomy":"product_cat","embeddable":true,"href":"https:\/\/www.gunnurca.com\/index.php\/wp-json\/wp\/v2\/product_cat?post=897"},{"taxonomy":"product_tag","embeddable":true,"href":"https:\/\/www.gunnurca.com\/index.php\/wp-json\/wp\/v2\/product_tag?post=897"}],"curies":[{"name":"wp","href":"https:\/\/api.w.org\/{rel}","templated":true}]}}