{"id":966,"date":"2025-11-12T09:39:23","date_gmt":"2025-11-12T09:39:23","guid":{"rendered":"https:\/\/www.gunnurca.com\/?post_type=product&#038;p=966"},"modified":"2025-12-19T08:36:19","modified_gmt":"2025-12-19T08:36:19","slug":"levidor-canta-36","status":"publish","type":"product","link":"https:\/\/www.gunnurca.com\/index.php\/urun\/levidor-canta-36\/","title":{"rendered":"LEV\u0130DOR \u00c7ANTA"},"content":{"rendered":"<p>LEV\u0130DOR DER\u0130 \u00c7ANTA detayl\u0131 bilgi i\u00e7in \u0130nstagramdan bizimle ileti\u015fime ge\u00e7ebilirsiniz.<\/p>\n","protected":false},"excerpt":{"rendered":"<p>LEV\u0130DOR DER\u0130 \u00c7ANTA detayl\u0131 bilgi i\u00e7in \u0130nstagramdan bizimle ileti\u015fime ge\u00e7ebilirsiniz.<\/p>\n","protected":false},"featured_media":961,"comment_status":"open","ping_status":"closed","template":"","meta":[],"product_brand":[40],"product_cat":[27,15],"product_tag":[],"class_list":{"0":"post-966","1":"product","2":"type-product","3":"status-publish","4":"has-post-thumbnail","6":"product_brand-levidor","7":"product_cat-clothing","8":"product_cat-genel","10":"first","11":"outofstock","12":"taxable","13":"shipping-taxable","14":"purchasable","15":"product-type-simple"},"_links":{"self":[{"href":"https:\/\/www.gunnurca.com\/index.php\/wp-json\/wp\/v2\/product\/966","targetHints":{"allow":["GET"]}}],"collection":[{"href":"https:\/\/www.gunnurca.com\/index.php\/wp-json\/wp\/v2\/product"}],"about":[{"href":"https:\/\/www.gunnurca.com\/index.php\/wp-json\/wp\/v2\/types\/product"}],"replies":[{"embeddable":true,"href":"https:\/\/www.gunnurca.com\/index.php\/wp-json\/wp\/v2\/comments?post=966"}],"wp:featuredmedia":[{"embeddable":true,"href":"https:\/\/www.gunnurca.com\/index.php\/wp-json\/wp\/v2\/media\/961"}],"wp:attachment":[{"href":"https:\/\/www.gunnurca.com\/index.php\/wp-json\/wp\/v2\/media?parent=966"}],"wp:term":[{"taxonomy":"product_brand","embeddable":true,"href":"https:\/\/www.gunnurca.com\/index.php\/wp-json\/wp\/v2\/product_brand?post=966"},{"taxonomy":"product_cat","embeddable":true,"href":"https:\/\/www.gunnurca.com\/index.php\/wp-json\/wp\/v2\/product_cat?post=966"},{"taxonomy":"product_tag","embeddable":true,"href":"https:\/\/www.gunnurca.com\/index.php\/wp-json\/wp\/v2\/product_tag?post=966"}],"curies":[{"name":"wp","href":"https:\/\/api.w.org\/{rel}","templated":true}]}}